{"id":11,"date":"2018-08-09T08:42:15","date_gmt":"2018-08-09T08:42:15","guid":{"rendered":"https:\/\/www.coffee-popcorn-machine.com\/?page_id=11"},"modified":"2018-08-13T08:28:50","modified_gmt":"2018-08-13T08:28:50","slug":"about-us","status":"publish","type":"page","link":"https:\/\/www.coffee-popcorn-machine.com\/es\/about-us","title":{"rendered":"Sobre nosotros"},"content":{"rendered":"<div class=\"about-top heading\"> <div class=\"about-top heading\"> <div class=\"about-top heading\"> <h1 class=\"entry-title\" style=\"text-align: center;\"><\/h1> <\/div> <div class=\"about-bottom\"> <div class=\"col-md-12\"> <article id=\"post-8\" class=\"post-8 page type-page status-publish hentry\"><strong>Ubicaci\u00f3n de nuestra empresa<\/strong>Zhengzhou Shuliy Machinery Co., Ltd es una empresa reconocida que integra investigaci\u00f3n cient\u00edfica, desarrollo, dise\u00f1o, fabricaci\u00f3n y ventas en su conjunto. Est\u00e1 ubicada en la Zona de Desarrollo Econ\u00f3mico y Tecnol\u00f3gico de Zhengzhou, que es un centro comercial y econ\u00f3mico, que se dedica principalmente a la importaci\u00f3n y exportaci\u00f3n de equipos mec\u00e1nicos. Aqu\u00ed cuenta con m\u00e1s de 300 empleados, todos motivados con la alegr\u00eda de trabajar en familia.<\/article> <article class=\"post-8 page type-page status-publish hentry\"><img decoding=\"async\" class=\"img-responsive\" src=\"https:\/\/www.nuts-machine.com\/uploads\/allimg\/180726\/1-1PH6091331I1.jpg\" alt=\"Sobre nosotros\" title=\"\"><strong>Nuestros principales productos y mercado<\/strong>Nuestros productos principales incluyen m\u00e1quina de caf\u00e9, removedor de carne de granos de caf\u00e9, desgranadora de granos de caf\u00e9, secador de granos de caf\u00e9 (secado con cinta de red, secado en caja, secador de aire), tostador de granos de caf\u00e9 (1-10 kg), molino de granos de caf\u00e9 (molino de acero inoxidable); maquina de palomitas de maiz. En los \u00faltimos a\u00f1os, nuestros productos han gozado de gran popularidad en el mercado de \u00c1frica y el sudeste asi\u00e1tico, como Nigeria, Kenia, Sud\u00e1frica, Ghana, Congo, Etiop\u00eda, Namibia, Marruecos, Botswana, Zimbabwe, Uganda, Argelia y Camer\u00fan.<\/p> <p class=\"translation-block\"><strong>Nuestra Capacidad de I+D<\/strong><\/p> <p>Siempre creemos firmemente que la tecnolog\u00eda es la principal fuerza productiva. Guiados por ese concepto, hemos realizado una gran inversi\u00f3n en la contrataci\u00f3n de muchos destacados expertos mec\u00e1nicos como nuestros consultores, por lo que tenemos una excelente capacidad para investigar y desarrollar nuevos productos y mejorar la calidad de la maquinaria tradicional.<\/p> <p class=\"translation-block\"><strong>Nuestro Control de Calidad y Servicio<\/strong><\/p> <p>Siempre nos esforzamos por alcanzar la excelencia. Gracias a una fuerza laboral bien capacitada, un estricto sistema de garant\u00eda de calidad, una gesti\u00f3n optimizada de todo el proceso de producci\u00f3n y unos sistemas de servicio posventa perfectos, nuestros productos y servicios son muy elogiados por clientes nacionales y extranjeros. Basado en el principio de calidad, buena reputaci\u00f3n y cliente primero, tenemos la fe en crear productos de alta calidad entre las industrias relevantes y lograr un excelente rendimiento durante a\u00f1os. Estamos muy dedicados a brindar productos de primera calidad y un servicio satisfecho a todos. clientes y esperamos cooperar sinceramente con ellos para tener un futuro brillante. Nuestra empresa tiene como objetivo innovar en la pr\u00e1ctica y brindar una garant\u00eda confiable desde la producci\u00f3n hasta la venta. Nuestra declaraci\u00f3n de calidad se reduce a una sola palabra: compromiso, con la agricultura, los agricultores y los consumidores de productos, que nos esforzamos por cumplir cada d\u00eda.<\/p> <\/article> <\/div> <\/div> <\/div> <div class=\"about-top heading\"> <div class=\"about-bottom\"> <div class=\"col-md-12\"> <article class=\"post-8 page type-page status-publish hentry\">\u00a0<\/article> <p>Zhengzhou Shuliy Machinery Co., Ltd<\/p> <\/div> <\/div> <\/div> <\/div>","protected":false},"excerpt":{"rendered":"<p>Our Company LocationZhengzhou Shuliy Machinery Co., Ltd\u00a0is a well-known\u00a0enterprise that integrates scientific research, development, design, manufacturing and sales as a whole. It is located in Zhengzhou Economic and Technological Development Zone,which\u00a0is a commercial and economic center,\u00a0mainly engaging\u00a0in the import and export of mechanical equipment .Here is empowered with more than 300 employees all motivated with [&hellip;]<\/p>\n","protected":false},"author":1,"featured_media":0,"parent":0,"menu_order":0,"comment_status":"open","ping_status":"open","template":"","meta":{"footnotes":""},"class_list":["post-11","page","type-page","status-publish","hentry"],"_links":{"self":[{"href":"https:\/\/www.coffee-popcorn-machine.com\/es\/wp-json\/wp\/v2\/pages\/11","targetHints":{"allow":["GET"]}}],"collection":[{"href":"https:\/\/www.coffee-popcorn-machine.com\/es\/wp-json\/wp\/v2\/pages"}],"about":[{"href":"https:\/\/www.coffee-popcorn-machine.com\/es\/wp-json\/wp\/v2\/types\/page"}],"author":[{"embeddable":true,"href":"https:\/\/www.coffee-popcorn-machine.com\/es\/wp-json\/wp\/v2\/users\/1"}],"replies":[{"embeddable":true,"href":"https:\/\/www.coffee-popcorn-machine.com\/es\/wp-json\/wp\/v2\/comments?post=11"}],"version-history":[{"count":0,"href":"https:\/\/www.coffee-popcorn-machine.com\/es\/wp-json\/wp\/v2\/pages\/11\/revisions"}],"wp:attachment":[{"href":"https:\/\/www.coffee-popcorn-machine.com\/es\/wp-json\/wp\/v2\/media?parent=11"}],"curies":[{"name":"wp","href":"https:\/\/api.w.org\/{rel}","templated":true}]}}