{"id":11,"date":"2018-08-09T08:42:15","date_gmt":"2018-08-09T08:42:15","guid":{"rendered":"https:\/\/www.coffee-popcorn-machine.com\/?page_id=11"},"modified":"2018-08-13T08:28:50","modified_gmt":"2018-08-13T08:28:50","slug":"about-us","status":"publish","type":"page","link":"https:\/\/www.coffee-popcorn-machine.com\/fr\/about-us","title":{"rendered":"\u00c0 propos de nous"},"content":{"rendered":"<div class=\"about-top heading\"> <div class=\"about-top heading\"> <div class=\"about-top heading\"> <h1 class=\"entry-title\" style=\"text-align: center;\"><\/h1> <\/div> <div class=\"about-bottom\"> <div class=\"col-md-12\"> <article id=\"post-8\" class=\"post-8 page type-page status-publish hentry\"><strong>Localisation de notre entreprise<\/strong>Zhengzhou Shuliy Machinery Co., Ltd\u00a0est une\u00a0entreprise bien connue qui int\u00e8gre la recherche scientifique, le d\u00e9veloppement, la conception, la fabrication et la vente dans son ensemble. Il est situ\u00e9 dans la zone de d\u00e9veloppement \u00e9conomique et technologique de Zhengzhou, qui est un centre commercial et \u00e9conomique, principalement engag\u00e9 dans l'importation et l'exportation d'\u00e9quipements m\u00e9caniques. Ici, nous avons plus de 300 employ\u00e9s tous motiv\u00e9s par la joie de travailler en famille.<\/article> <article class=\"post-8 page type-page status-publish hentry\"><img decoding=\"async\" class=\"img-responsive\" src=\"https:\/\/www.nuts-machine.com\/uploads\/allimg\/180726\/1-1PH6091331I1.jpg\" alt=\"\u00c0 propos de nous\" title=\"\"><strong>Nos principaux produits et march\u00e9s<\/strong>Nos principaux produits comprennent une machine \u00e0 caf\u00e9, un extracteur de viande de grains de caf\u00e9, un d\u00e9cortiqueur de grains de caf\u00e9, un s\u00e9choir \u00e0 grains de caf\u00e9 (s\u00e9chage \u00e0 bande nette, s\u00e9chage en bo\u00eete, s\u00e9choir \u00e0 air), un torr\u00e9facteur de grains de caf\u00e9 (1-10 kg), un moulin \u00e0 grains de caf\u00e9 (moulin en acier inoxydable)\u00a0; Machine \u00e0 popcorn. Ces derni\u00e8res ann\u00e9es, nos produits ont joui d'une grande popularit\u00e9 sur les march\u00e9s d'Afrique et d'Asie du Sud-Est, comme le Nigeria, le Kenya, l'Afrique du Sud, le Ghana, le Congo, l'\u00c9thiopie, la Namibie, le Maroc, le Botswana, le Zimbabwe, l'Ouganda, l'Alg\u00e9rie et le Cameroun.<\/p> <p class=\"translation-block\"><strong>Notre capacit\u00e9 de R&amp;D<\/strong><\/p> <p>Nous croyons toujours fermement que la technologie est la principale force productive. Guid\u00e9s par un tel\u00a0concept, nous\u00a0avons\u00a0investi\u00a0important\u00a0dans l'embauche de nombreux experts en m\u00e9canique exceptionnels\u00a0en tant que consultants, nous\u00a0avons\u00a0une\u00a0excellente\u00a0capacit\u00e9 \u00e0 rechercher et d\u00e9velopper de nouveaux produits et \u00e0 am\u00e9liorer la qualit\u00e9 des machines traditionnelles.<\/p> <p class=\"translation-block\"><strong>Notre CQ et service<\/strong><\/p> <p>Nous visons toujours l'excellence. Gr\u00e2ce \u00e0 une main-d'\u0153uvre bien form\u00e9e, un syst\u00e8me d'assurance qualit\u00e9 strict, une gestion optimis\u00e9e de l'ensemble du processus de production et des syst\u00e8mes de service apr\u00e8s-vente parfaits, nos produits et services sont tr\u00e8s appr\u00e9ci\u00e9s par les clients nationaux et \u00e9trangers. Bas\u00e9 sur le principe de la qualit\u00e9, de la bonne r\u00e9putation et du client d'abord, nous avons la foi de cr\u00e9er des produits de haute qualit\u00e9 parmi les industries concern\u00e9es et d'obtenir d'excellentes performances pendant des si\u00e8cles. Nous nous engageons grandement \u00e0 fournir des produits de qualit\u00e9 sup\u00e9rieure et un service satisfaisant \u00e0 tous. clients et nous attendons avec impatience une coop\u00e9ration sinc\u00e8re avec eux pour un avenir radieux. Notre entreprise vise \u00e0 innover dans la pratique et \u00e0 fournir une garantie fiable de la production \u00e0 la vente. Notre d\u00e9claration de qualit\u00e9 se r\u00e9sume en un seul mot \u2013 engagement \u2013 \u200b\u200benvers l'agriculture, les agriculteurs et les consommateurs de produits, que nous nous effor\u00e7ons de respecter chaque jour.<\/p> <\/article> <\/div> <\/div> <\/div> <div class=\"about-top heading\"> <div class=\"about-bottom\"> <div class=\"col-md-12\"> <article class=\"post-8 page type-page status-publish hentry\">\u00a0<\/article> <p>Zhengzhou\u00a0Shuliy\u00a0Machinery Co., Ltd<\/p> <\/div> <\/div> <\/div> <\/div>","protected":false},"excerpt":{"rendered":"<p>Our Company LocationZhengzhou Shuliy Machinery Co., Ltd\u00a0is a well-known\u00a0enterprise that integrates scientific research, development, design, manufacturing and sales as a whole. It is located in Zhengzhou Economic and Technological Development Zone,which\u00a0is a commercial and economic center,\u00a0mainly engaging\u00a0in the import and export of mechanical equipment .Here is empowered with more than 300 employees all motivated with [&hellip;]<\/p>\n","protected":false},"author":1,"featured_media":0,"parent":0,"menu_order":0,"comment_status":"open","ping_status":"open","template":"","meta":{"footnotes":""},"class_list":["post-11","page","type-page","status-publish","hentry"],"_links":{"self":[{"href":"https:\/\/www.coffee-popcorn-machine.com\/fr\/wp-json\/wp\/v2\/pages\/11","targetHints":{"allow":["GET"]}}],"collection":[{"href":"https:\/\/www.coffee-popcorn-machine.com\/fr\/wp-json\/wp\/v2\/pages"}],"about":[{"href":"https:\/\/www.coffee-popcorn-machine.com\/fr\/wp-json\/wp\/v2\/types\/page"}],"author":[{"embeddable":true,"href":"https:\/\/www.coffee-popcorn-machine.com\/fr\/wp-json\/wp\/v2\/users\/1"}],"replies":[{"embeddable":true,"href":"https:\/\/www.coffee-popcorn-machine.com\/fr\/wp-json\/wp\/v2\/comments?post=11"}],"version-history":[{"count":0,"href":"https:\/\/www.coffee-popcorn-machine.com\/fr\/wp-json\/wp\/v2\/pages\/11\/revisions"}],"wp:attachment":[{"href":"https:\/\/www.coffee-popcorn-machine.com\/fr\/wp-json\/wp\/v2\/media?parent=11"}],"curies":[{"name":"wp","href":"https:\/\/api.w.org\/{rel}","templated":true}]}}