{"id":11,"date":"2018-08-09T08:42:15","date_gmt":"2018-08-09T08:42:15","guid":{"rendered":"https:\/\/www.coffee-popcorn-machine.com\/?page_id=11"},"modified":"2018-08-13T08:28:50","modified_gmt":"2018-08-13T08:28:50","slug":"about-us","status":"publish","type":"page","link":"https:\/\/www.coffee-popcorn-machine.com\/pt\/about-us","title":{"rendered":"Sobre n\u00f3s"},"content":{"rendered":"<div class=\"about-top heading\"> <div class=\"about-top heading\"> <div class=\"about-top heading\"> <h1 class=\"entry-title\" style=\"text-align: center;\"><\/h1> <\/div> <div class=\"about-bottom\"> <div class=\"col-md-12\"> <article id=\"post-8\" class=\"post-8 page type-page status-publish hentry\"><strong>Localiza\u00e7\u00e3o da nossa empresa<\/strong>Zhengzhou Shuliy Machinery Co., Ltd\u00a0\u00e9 uma empresa bem conhecida que integra pesquisa cient\u00edfica, desenvolvimento, design, fabrica\u00e7\u00e3o e vendas como um todo. Est\u00e1 localizada na Zona de Desenvolvimento Econ\u00f4mico e Tecnol\u00f3gico de Zhengzhou, que\u00a0\u00e9 um centro comercial e econ\u00f4mico,\u00a0que se dedica principalmente \u00e0 importa\u00e7\u00e3o e exporta\u00e7\u00e3o de equipamentos mec\u00e2nicos. Aqui conta com mais de 300 funcion\u00e1rios, todos motivados pela alegria de trabalhar em fam\u00edlia.<\/article> <article class=\"post-8 page type-page status-publish hentry\"><img decoding=\"async\" class=\"img-responsive\" src=\"https:\/\/www.nuts-machine.com\/uploads\/allimg\/180726\/1-1PH6091331I1.jpg\" alt=\"Sobre n\u00f3s\" title=\"\"><strong>Nossos principais produtos e mercado<\/strong>Nossos principais produtos incluem m\u00e1quina de caf\u00e9, removedor de carne de gr\u00e3os de caf\u00e9, descascador de gr\u00e3os de caf\u00e9, secador de gr\u00e3os de caf\u00e9 (secagem de rede, secagem de caixa, secador de ar), torrador de gr\u00e3os de caf\u00e9 (1-10KG)), moinho de gr\u00e3os de caf\u00e9 (moinho de a\u00e7o inoxid\u00e1vel); m\u00e1quina de pipoca. Nos \u00faltimos anos, nossos produtos t\u00eam desfrutado de grande popularidade no mercado da \u00c1frica e do Sudeste Asi\u00e1tico, como Nig\u00e9ria, Qu\u00eania, \u00c1frica do Sul, Gana, Congo, Eti\u00f3pia, Nam\u00edbia, Marrocos, Botswana, Zimb\u00e1bue, Uganda, Arg\u00e9lia, Camar\u00f5es.<\/p> <p class=\"translation-block\"><strong>A Nossa Capacidade de I&amp;D<\/strong><\/p> <p>Sempre acreditamos firmemente que a tecnologia \u00e9 a principal for\u00e7a produtiva. Guiados por esse\u00a0conceito,\u00a0colocamos\u00a0um grande investimento\u00a0na contrata\u00e7\u00e3o de muitos especialistas mec\u00e2nicos de destaque\u00a0como nossos consultores, por isso\u00a0temos\u00a0uma excelente\u00a0capacidade de pesquisar e desenvolver novos produtos e melhorar a qualidade das m\u00e1quinas tradicionais.<\/p> <p class=\"translation-block\"><strong>O Nosso CQ e Servi\u00e7o<\/strong><\/p> <p>Sempre buscamos a excel\u00eancia. Gra\u00e7as \u00e0 for\u00e7a de trabalho bem treinada, ao rigoroso sistema de garantia de qualidade, ao gerenciamento otimizado de todo o processo de produ\u00e7\u00e3o e aos sistemas de servi\u00e7o p\u00f3s-venda perfeitos, nossos produtos e servi\u00e7os s\u00e3o altamente elogiados por clientes nacionais e internacionais. Com base no princ\u00edpio de orienta\u00e7\u00e3o para a qualidade, boa reputa\u00e7\u00e3o e\u00a0cliente em primeiro lugar, temos f\u00e9 em criar produtos de alta qualidade entre\u00a0os setores relevantes e obter \u00f3timo\u00a0desempenho\u00a0por muito tempo. Estamos muito dedicados a fornecer produtos de qualidade premium e servi\u00e7os satisfeitos\u00a0a\u00a0todos clientes e esperamos uma coopera\u00e7\u00e3o sincera com eles para um futuro brilhante. Nossa empresa tem como objetivo inovar\u00a0na pr\u00e1tica e fornecer\u00a0uma garantia confi\u00e1vel desde a produ\u00e7\u00e3o at\u00e9 a venda. Nossa declara\u00e7\u00e3o de qualidade se resume a uma \u00fanica palavra - compromisso - com a agricultura, os agricultores e os consumidores dos produtos, que nos esfor\u00e7amos para cumprir a cada dia.<\/p> <\/article> <\/div> <\/div> <\/div> <div class=\"about-top heading\"> <div class=\"about-bottom\"> <div class=\"col-md-12\"> <article class=\"post-8 page type-page status-publish hentry\">\u00a0<\/article> <p>Zhengzhou \u00a0Shuliy \u00a0Maquinaria Co., Ltd<\/p> <\/div> <\/div> <\/div> <\/div>","protected":false},"excerpt":{"rendered":"<p>Our Company LocationZhengzhou Shuliy Machinery Co., Ltd\u00a0is a well-known\u00a0enterprise that integrates scientific research, development, design, manufacturing and sales as a whole. It is located in Zhengzhou Economic and Technological Development Zone,which\u00a0is a commercial and economic center,\u00a0mainly engaging\u00a0in the import and export of mechanical equipment .Here is empowered with more than 300 employees all motivated with [&hellip;]<\/p>\n","protected":false},"author":1,"featured_media":0,"parent":0,"menu_order":0,"comment_status":"open","ping_status":"open","template":"","meta":{"footnotes":""},"class_list":["post-11","page","type-page","status-publish","hentry"],"_links":{"self":[{"href":"https:\/\/www.coffee-popcorn-machine.com\/pt\/wp-json\/wp\/v2\/pages\/11","targetHints":{"allow":["GET"]}}],"collection":[{"href":"https:\/\/www.coffee-popcorn-machine.com\/pt\/wp-json\/wp\/v2\/pages"}],"about":[{"href":"https:\/\/www.coffee-popcorn-machine.com\/pt\/wp-json\/wp\/v2\/types\/page"}],"author":[{"embeddable":true,"href":"https:\/\/www.coffee-popcorn-machine.com\/pt\/wp-json\/wp\/v2\/users\/1"}],"replies":[{"embeddable":true,"href":"https:\/\/www.coffee-popcorn-machine.com\/pt\/wp-json\/wp\/v2\/comments?post=11"}],"version-history":[{"count":0,"href":"https:\/\/www.coffee-popcorn-machine.com\/pt\/wp-json\/wp\/v2\/pages\/11\/revisions"}],"wp:attachment":[{"href":"https:\/\/www.coffee-popcorn-machine.com\/pt\/wp-json\/wp\/v2\/media?parent=11"}],"curies":[{"name":"wp","href":"https:\/\/api.w.org\/{rel}","templated":true}]}}