{"id":13,"date":"2018-08-09T08:43:11","date_gmt":"2018-08-09T08:43:11","guid":{"rendered":"https:\/\/www.coffee-popcorn-machine.com\/?page_id=13"},"modified":"2025-12-10T16:49:07","modified_gmt":"2025-12-10T08:49:07","slug":"contact-us","status":"publish","type":"page","link":"https:\/\/www.coffee-popcorn-machine.com\/pt\/contact-us","title":{"rendered":"Contate-nos"},"content":{"rendered":"<div class=\"about-top heading\"> <h2 style=\"text-align: center;\"><\/h2> <\/div> <div class=\"about-bottom\"> <div class=\"col-md-12\"> <article id=\"post-8\" class=\"post-8 page type-page status-publish hentry\"> <div class=\"col-md-5\"><img decoding=\"async\" class=\"alignleft\" src=\"https:\/\/nuts-machine.com\/uploads\/allimg\/180718\/1-1PGQ05FN26.jpg\" alt=\"Contate-nos\" title=\"\"><\/div> <div class=\"col-md-6\"> <p>&nbsp;<\/p> <p class=\"translation-block\"><strong>Zhengzhou Shuliy Machinery Co., Ltd<\/strong><\/p> <p>Email:info@coffee-popcorn-machine.com<\/p> <p>Endere\u00e7o: Estrada N\u00e1utica Leste, Zona de Desenvolvimento Econ\u00f4mico de Zhengzhou, Henan, China<\/p> <p>Tel:  86 13673689272<\/p> <\/div> <\/article> <\/div> <\/div> <p>&nbsp;<\/p> <p>&nbsp;<\/p> <p>&nbsp;<\/p> <p>&nbsp;<\/p>","protected":false},"excerpt":{"rendered":"<p>&nbsp; Zhengzhou ShuliyMachinery Co.,Ltd Email:info@coffee-popcorn-machine.com Endere\u00e7o: Nautical Road East, Zona de Desenvolvimento Econ\u00f3mico de Zhengzhou, Henan, China Tel:  86 13673689272 &nbsp; &nbsp; &nbsp; &nbsp;<\/p>","protected":false},"author":1,"featured_media":0,"parent":0,"menu_order":0,"comment_status":"open","ping_status":"open","template":"","meta":{"footnotes":""},"class_list":["post-13","page","type-page","status-publish","hentry"],"_links":{"self":[{"href":"https:\/\/www.coffee-popcorn-machine.com\/pt\/wp-json\/wp\/v2\/pages\/13","targetHints":{"allow":["GET"]}}],"collection":[{"href":"https:\/\/www.coffee-popcorn-machine.com\/pt\/wp-json\/wp\/v2\/pages"}],"about":[{"href":"https:\/\/www.coffee-popcorn-machine.com\/pt\/wp-json\/wp\/v2\/types\/page"}],"author":[{"embeddable":true,"href":"https:\/\/www.coffee-popcorn-machine.com\/pt\/wp-json\/wp\/v2\/users\/1"}],"replies":[{"embeddable":true,"href":"https:\/\/www.coffee-popcorn-machine.com\/pt\/wp-json\/wp\/v2\/comments?post=13"}],"version-history":[{"count":0,"href":"https:\/\/www.coffee-popcorn-machine.com\/pt\/wp-json\/wp\/v2\/pages\/13\/revisions"}],"wp:attachment":[{"href":"https:\/\/www.coffee-popcorn-machine.com\/pt\/wp-json\/wp\/v2\/media?parent=13"}],"curies":[{"name":"wp","href":"https:\/\/api.w.org\/{rel}","templated":true}]}}