{"id":2,"date":"2018-08-09T08:27:31","date_gmt":"2018-08-09T08:27:31","guid":{"rendered":"https:\/\/www.coffee-popcorn-machine.com\/?page_id=2"},"modified":"2018-08-09T08:27:31","modified_gmt":"2018-08-09T08:27:31","slug":"sample-page","status":"publish","type":"page","link":"https:\/\/www.coffee-popcorn-machine.com\/pt\/sample-page","title":{"rendered":"P\u00e1gina de exemplo"},"content":{"rendered":"<p>Esta \u00e9 uma p\u00e1gina de exemplo. \u00c9 diferente de uma postagem de blog porque ficar\u00e1 em um s\u00f3 lugar e aparecer\u00e1 na navega\u00e7\u00e3o do seu site (na maioria dos temas). A maioria das pessoas come\u00e7a com uma p\u00e1gina Sobre que as apresenta aos visitantes em potencial do site. Poderia dizer algo assim:<\/p> <blockquote><p>Ol\u00e1! Sou mensageiro de bicicleta durante o dia, aspirante a ator \u00e0 noite, e este \u00e9 o meu site. Moro em Los Angeles, tenho um cachorro lindo chamado Jack e gosto de pi\u00f1a coladas. (E ser pego pela chuva.)<\/p><\/blockquote> <p>\u2026ou algo parecido com isto:<\/p> <blockquote><p>A XYZ Doohickey Company foi fundada em 1971 e tem fornecido doohickeys de qualidade ao p\u00fablico desde ent\u00e3o. Localizada em Gotham City, a XYZ emprega mais de 2.000 pessoas e faz todo tipo de coisas incr\u00edveis para a comunidade de Gotham.<\/p><\/blockquote> <p class=\"translation-block\">Como um novo utilizador do WordPress, deve aceder ao <a href=\"https:\/\/www.coffee-popcorn-machine.com\/wp-admin\/\">seu painel<\/a> para apagar esta p\u00e1gina e criar novas p\u00e1ginas para o seu conte\u00fado. Divirta-se!<\/p>","protected":false},"excerpt":{"rendered":"<p>This is an example page. It&#8217;s different from a blog post because it will stay in one place and will show up in your site navigation (in most themes). Most people start with an About page that introduces them to potential site visitors. It might say something like this: Hi there! I&#8217;m a bike messenger [&hellip;]<\/p>\n","protected":false},"author":1,"featured_media":0,"parent":0,"menu_order":0,"comment_status":"closed","ping_status":"open","template":"","meta":{"footnotes":""},"class_list":["post-2","page","type-page","status-publish","hentry"],"_links":{"self":[{"href":"https:\/\/www.coffee-popcorn-machine.com\/pt\/wp-json\/wp\/v2\/pages\/2","targetHints":{"allow":["GET"]}}],"collection":[{"href":"https:\/\/www.coffee-popcorn-machine.com\/pt\/wp-json\/wp\/v2\/pages"}],"about":[{"href":"https:\/\/www.coffee-popcorn-machine.com\/pt\/wp-json\/wp\/v2\/types\/page"}],"author":[{"embeddable":true,"href":"https:\/\/www.coffee-popcorn-machine.com\/pt\/wp-json\/wp\/v2\/users\/1"}],"replies":[{"embeddable":true,"href":"https:\/\/www.coffee-popcorn-machine.com\/pt\/wp-json\/wp\/v2\/comments?post=2"}],"version-history":[{"count":0,"href":"https:\/\/www.coffee-popcorn-machine.com\/pt\/wp-json\/wp\/v2\/pages\/2\/revisions"}],"wp:attachment":[{"href":"https:\/\/www.coffee-popcorn-machine.com\/pt\/wp-json\/wp\/v2\/media?parent=2"}],"curies":[{"name":"wp","href":"https:\/\/api.w.org\/{rel}","templated":true}]}}